{"id":1273,"date":"2020-12-31T22:59:47","date_gmt":"2020-12-31T21:59:47","guid":{"rendered":"http:\/\/teasane.eu\/?page_id=1273"},"modified":"2022-09-05T12:04:13","modified_gmt":"2022-09-05T10:04:13","slug":"master-class-inscription","status":"publish","type":"page","link":"https:\/\/teasane.eu\/index.php\/master-class-inscription\/","title":{"rendered":"MASTER CLASS INSCRIPTION"},"content":{"rendered":"\n<p>Si vous souhaitez vous inscrire \u00e0 nos master classes, merci de nous contacter par l&rsquo;interm\u00e9diaire du formulaire ci-dessous.&nbsp;<\/p>\n\n\n\n<p>Nous vous adresserons par retour &nbsp;les conditions et tarifs.<\/p>\n\n\n\n<p>Votre inscription ne sera effective qu&rsquo;\u00e0 r\u00e9ception de votre r\u00e8glement.&nbsp;<\/p>\n\n\n<div class=\"wpforms-container wpforms-container-full wpforms-block\" id=\"wpforms-1272\"><form id=\"wpforms-form-1272\" class=\"wpforms-validate wpforms-form\" data-formid=\"1272\" method=\"post\" enctype=\"multipart\/form-data\" action=\"\/index.php\/wp-json\/wp\/v2\/pages\/1273\" data-token=\"bec37cec573d328985cf529b1a77ae64\" data-token-time=\"1775864994\"><noscript class=\"wpforms-error-noscript\">Veuillez activer JavaScript dans votre navigateur pour remplir ce formulaire.<\/noscript><div class=\"wpforms-field-container\"><div id=\"wpforms-1272-field_0-container\" class=\"wpforms-field wpforms-field-name\" data-field-id=\"0\"><label class=\"wpforms-field-label\">Nom <span class=\"wpforms-required-label\">*<\/span><\/label><div class=\"wpforms-field-row wpforms-field-medium\"><div class=\"wpforms-field-row-block wpforms-first wpforms-one-half\"><input type=\"text\" id=\"wpforms-1272-field_0\" class=\"wpforms-field-name-first wpforms-field-required\" name=\"wpforms[fields][0][first]\" required><label for=\"wpforms-1272-field_0\" class=\"wpforms-field-sublabel after\">Pr\u00e9nom<\/label><\/div><div class=\"wpforms-field-row-block wpforms-one-half\"><input type=\"text\" id=\"wpforms-1272-field_0-last\" class=\"wpforms-field-name-last wpforms-field-required\" name=\"wpforms[fields][0][last]\" required><label for=\"wpforms-1272-field_0-last\" class=\"wpforms-field-sublabel after\">Nom<\/label><\/div><\/div><\/div>\t\t<div id=\"wpforms-1272-field_4-container\"\n\t\t\tclass=\"wpforms-field wpforms-field-text\"\n\t\t\tdata-field-type=\"text\"\n\t\t\tdata-field-id=\"4\"\n\t\t\t>\n\t\t\t<label class=\"wpforms-field-label\" for=\"wpforms-1272-field_4\" >E-mail ou Commentaire<\/label>\n\t\t\t<input type=\"text\" id=\"wpforms-1272-field_4\" class=\"wpforms-field-medium\" name=\"wpforms[fields][4]\" >\n\t\t<\/div>\n\t\t<div id=\"wpforms-1272-field_1-container\" class=\"wpforms-field wpforms-field-email\" data-field-id=\"1\"><label class=\"wpforms-field-label\" for=\"wpforms-1272-field_1\">E-mail <span class=\"wpforms-required-label\">*<\/span><\/label><input type=\"email\" id=\"wpforms-1272-field_1\" class=\"wpforms-field-medium wpforms-field-required\" name=\"wpforms[fields][1]\" spellcheck=\"false\" required><\/div><div id=\"wpforms-1272-field_3-container\" class=\"wpforms-field wpforms-field-checkbox\" data-field-id=\"3\"><label class=\"wpforms-field-label\">Cases \u00e0 cocher<\/label><ul id=\"wpforms-1272-field_3\" data-choice-limit=\"4\"><li class=\"choice-1 depth-1\"><input type=\"checkbox\" id=\"wpforms-1272-field_3_1\" data-rule-check-limit=\"true\" name=\"wpforms[fields][3][]\" value=\"TH\u00c9S DE CHINE : MAITRISE &amp; TERROIRS\"  ><label class=\"wpforms-field-label-inline\" for=\"wpforms-1272-field_3_1\">TH\u00c9S DE CHINE : MAITRISE &amp; TERROIRS<\/label><\/li><li class=\"choice-14 depth-1\"><input type=\"checkbox\" id=\"wpforms-1272-field_3_14\" data-rule-check-limit=\"true\" name=\"wpforms[fields][3][]\" value=\"MASTER CLASS 1\"  ><label class=\"wpforms-field-label-inline\" for=\"wpforms-1272-field_3_14\">MASTER CLASS 1<\/label><\/li><li class=\"choice-5 depth-1\"><input type=\"checkbox\" id=\"wpforms-1272-field_3_5\" data-rule-check-limit=\"true\" name=\"wpforms[fields][3][]\" value=\"MASTER CLASS 2\"  ><label class=\"wpforms-field-label-inline\" for=\"wpforms-1272-field_3_5\">MASTER CLASS 2<\/label><\/li><li class=\"choice-4 depth-1\"><input type=\"checkbox\" id=\"wpforms-1272-field_3_4\" data-rule-check-limit=\"true\" name=\"wpforms[fields][3][]\" value=\"MASTER CLASS 3\"  ><label class=\"wpforms-field-label-inline\" for=\"wpforms-1272-field_3_4\">MASTER CLASS 3<\/label><\/li><li class=\"choice-2 depth-1\"><input type=\"checkbox\" id=\"wpforms-1272-field_3_2\" data-rule-check-limit=\"true\" name=\"wpforms[fields][3][]\" value=\"MASTER CLASS 4\"  ><label class=\"wpforms-field-label-inline\" for=\"wpforms-1272-field_3_2\">MASTER CLASS 4<\/label><\/li><li class=\"choice-3 depth-1\"><input type=\"checkbox\" id=\"wpforms-1272-field_3_3\" data-rule-check-limit=\"true\" name=\"wpforms[fields][3][]\" value=\"MASTER CLASS 5\"  ><label class=\"wpforms-field-label-inline\" for=\"wpforms-1272-field_3_3\">MASTER CLASS 5<\/label><\/li><li class=\"choice-12 depth-1\"><input type=\"checkbox\" id=\"wpforms-1272-field_3_12\" data-rule-check-limit=\"true\" name=\"wpforms[fields][3][]\" value=\"MASTER CLASS 6\"  ><label class=\"wpforms-field-label-inline\" for=\"wpforms-1272-field_3_12\">MASTER CLASS 6<\/label><\/li><li class=\"choice-11 depth-1\"><input type=\"checkbox\" id=\"wpforms-1272-field_3_11\" data-rule-check-limit=\"true\" name=\"wpforms[fields][3][]\" value=\"MASTER CLASS 7\"  ><label class=\"wpforms-field-label-inline\" for=\"wpforms-1272-field_3_11\">MASTER CLASS 7<\/label><\/li><li class=\"choice-10 depth-1\"><input type=\"checkbox\" id=\"wpforms-1272-field_3_10\" data-rule-check-limit=\"true\" name=\"wpforms[fields][3][]\" value=\"MASTER CLASS 8\"  ><label class=\"wpforms-field-label-inline\" for=\"wpforms-1272-field_3_10\">MASTER CLASS 8<\/label><\/li><li class=\"choice-6 depth-1\"><input type=\"checkbox\" id=\"wpforms-1272-field_3_6\" data-rule-check-limit=\"true\" name=\"wpforms[fields][3][]\" value=\"CYCLE COMPLET \"  ><label class=\"wpforms-field-label-inline\" for=\"wpforms-1272-field_3_6\">CYCLE COMPLET<\/label><\/li><li class=\"choice-7 depth-1\"><input type=\"checkbox\" id=\"wpforms-1272-field_3_7\" data-rule-check-limit=\"true\" name=\"wpforms[fields][3][]\" value=\"CONNAITRE LES DATES \"  ><label class=\"wpforms-field-label-inline\" for=\"wpforms-1272-field_3_7\">CONNAITRE LES DATES<\/label><\/li><li class=\"choice-8 depth-1\"><input type=\"checkbox\" id=\"wpforms-1272-field_3_8\" data-rule-check-limit=\"true\" name=\"wpforms[fields][3][]\" value=\"CONNAITRE LES PRIX \"  ><label class=\"wpforms-field-label-inline\" for=\"wpforms-1272-field_3_8\">CONNAITRE LES PRIX<\/label><\/li><li class=\"choice-9 depth-1\"><input type=\"checkbox\" id=\"wpforms-1272-field_3_9\" data-rule-check-limit=\"true\" name=\"wpforms[fields][3][]\" value=\"\u00caTRE INFORM\u00c9 DES PROCHAINES SESSIONS \"  ><label class=\"wpforms-field-label-inline\" for=\"wpforms-1272-field_3_9\">\u00caTRE INFORM\u00c9 DES PROCHAINES SESSIONS<\/label><\/li><li class=\"choice-13 depth-1\"><input type=\"checkbox\" id=\"wpforms-1272-field_3_13\" data-rule-check-limit=\"true\" name=\"wpforms[fields][3][]\" value=\"S&#039;INSCRIRE (cocher la ou les cases de votre choix)\"  ><label class=\"wpforms-field-label-inline\" for=\"wpforms-1272-field_3_13\">S&rsquo;INSCRIRE (cocher la ou les cases de votre choix)<\/label><\/li><\/ul><\/div><div id=\"wpforms-1272-field_2-container\" class=\"wpforms-field wpforms-field-textarea\" data-field-id=\"2\"><label class=\"wpforms-field-label\" for=\"wpforms-1272-field_2\">Commentaire ou message <span class=\"wpforms-required-label\">*<\/span><\/label><textarea id=\"wpforms-1272-field_2\" class=\"wpforms-field-medium wpforms-field-required\" name=\"wpforms[fields][2]\" required><\/textarea><\/div><script>\n\t\t\t\t( function() {\n\t\t\t\t\tconst style = document.createElement( 'style' );\n\t\t\t\t\tstyle.appendChild( document.createTextNode( '#wpforms-1272-field_4-container { position: absolute !important; overflow: hidden !important; display: inline !important; height: 1px !important; width: 1px !important; z-index: -1000 !important; padding: 0 !important; } #wpforms-1272-field_4-container input { visibility: hidden; } #wpforms-conversational-form-page #wpforms-1272-field_4-container label { counter-increment: none; }' ) );\n\t\t\t\t\tdocument.head.appendChild( style );\n\t\t\t\t\tdocument.currentScript?.remove();\n\t\t\t\t} )();\n\t\t\t<\/script><\/div><!-- .wpforms-field-container --><div class=\"wpforms-recaptcha-container wpforms-is-recaptcha wpforms-is-recaptcha-type-invisible\" ><div class=\"g-recaptcha\" data-sitekey=\"6LfuKRkgAAAAAP43ZPTL36zJS2YdJVjKiUf2QYxD\" data-size=\"invisible\"><\/div><\/div><div class=\"wpforms-submit-container\" ><input type=\"hidden\" name=\"wpforms[id]\" value=\"1272\"><input type=\"hidden\" name=\"page_title\" value=\"\"><input type=\"hidden\" name=\"page_url\" value=\"https:\/\/teasane.eu\/index.php\/wp-json\/wp\/v2\/pages\/1273\"><input type=\"hidden\" name=\"url_referer\" value=\"\"><button type=\"submit\" name=\"wpforms[submit]\" id=\"wpforms-submit-1272\" class=\"wpforms-submit\" data-alt-text=\"Envoi...\" data-submit-text=\"Envoyer\" aria-live=\"assertive\" value=\"wpforms-submit\">Envoyer<\/button><\/div><\/form><\/div>  <!-- .wpforms-container -->","protected":false},"excerpt":{"rendered":"<p>Si vous souhaitez vous inscrire \u00e0 nos master classes, merci de nous contacter par l&rsquo;interm\u00e9diaire du formulaire ci-dessous.&nbsp; Nous vous adresserons par retour &nbsp;les conditions et tarifs. Votre inscription ne sera effective qu&rsquo;\u00e0 r\u00e9ception de votre r\u00e8glement.&nbsp;<\/p>\n","protected":false},"author":1,"featured_media":0,"parent":0,"menu_order":0,"comment_status":"closed","ping_status":"closed","template":"","meta":{"ocean_post_layout":"","ocean_both_sidebars_style":"","ocean_both_sidebars_content_width":0,"ocean_both_sidebars_sidebars_width":0,"ocean_sidebar":"0","ocean_second_sidebar":"0","ocean_disable_margins":"enable","ocean_add_body_class":"","ocean_shortcode_before_top_bar":"","ocean_shortcode_after_top_bar":"","ocean_shortcode_before_header":"","ocean_shortcode_after_header":"","ocean_has_shortcode":"","ocean_shortcode_after_title":"","ocean_shortcode_before_footer_widgets":"","ocean_shortcode_after_footer_widgets":"","ocean_shortcode_before_footer_bottom":"","ocean_shortcode_after_footer_bottom":"","ocean_display_top_bar":"default","ocean_display_header":"default","ocean_header_style":"","ocean_center_header_left_menu":"0","ocean_custom_header_template":"0","ocean_custom_logo":0,"ocean_custom_retina_logo":0,"ocean_custom_logo_max_width":0,"ocean_custom_logo_tablet_max_width":0,"ocean_custom_logo_mobile_max_width":0,"ocean_custom_logo_max_height":0,"ocean_custom_logo_tablet_max_height":0,"ocean_custom_logo_mobile_max_height":0,"ocean_header_custom_menu":"0","ocean_menu_typo_font_family":"0","ocean_menu_typo_font_subset":"","ocean_menu_typo_font_size":0,"ocean_menu_typo_font_size_tablet":0,"ocean_menu_typo_font_size_mobile":0,"ocean_menu_typo_font_size_unit":"px","ocean_menu_typo_font_weight":"","ocean_menu_typo_font_weight_tablet":"","ocean_menu_typo_font_weight_mobile":"","ocean_menu_typo_transform":"","ocean_menu_typo_transform_tablet":"","ocean_menu_typo_transform_mobile":"","ocean_menu_typo_line_height":0,"ocean_menu_typo_line_height_tablet":0,"ocean_menu_typo_line_height_mobile":0,"ocean_menu_typo_line_height_unit":"","ocean_menu_typo_spacing":0,"ocean_menu_typo_spacing_tablet":0,"ocean_menu_typo_spacing_mobile":0,"ocean_menu_typo_spacing_unit":"","ocean_menu_link_color":"","ocean_menu_link_color_hover":"","ocean_menu_link_color_active":"","ocean_menu_link_background":"","ocean_menu_link_hover_background":"","ocean_menu_link_active_background":"","ocean_menu_social_links_bg":"","ocean_menu_social_hover_links_bg":"","ocean_menu_social_links_color":"","ocean_menu_social_hover_links_color":"","ocean_disable_title":"default","ocean_disable_heading":"default","ocean_post_title":"","ocean_post_subheading":"","ocean_post_title_style":"","ocean_post_title_background_color":"","ocean_post_title_background":0,"ocean_post_title_bg_image_position":"","ocean_post_title_bg_image_attachment":"","ocean_post_title_bg_image_repeat":"","ocean_post_title_bg_image_size":"","ocean_post_title_height":0,"ocean_post_title_bg_overlay":0.5,"ocean_post_title_bg_overlay_color":"","ocean_disable_breadcrumbs":"default","ocean_breadcrumbs_color":"","ocean_breadcrumbs_separator_color":"","ocean_breadcrumbs_links_color":"","ocean_breadcrumbs_links_hover_color":"","ocean_display_footer_widgets":"default","ocean_display_footer_bottom":"default","ocean_custom_footer_template":"0","footnotes":""},"class_list":["post-1273","page","type-page","status-publish","hentry","entry"],"jetpack_sharing_enabled":true,"_links":{"self":[{"href":"https:\/\/teasane.eu\/index.php\/wp-json\/wp\/v2\/pages\/1273","targetHints":{"allow":["GET"]}}],"collection":[{"href":"https:\/\/teasane.eu\/index.php\/wp-json\/wp\/v2\/pages"}],"about":[{"href":"https:\/\/teasane.eu\/index.php\/wp-json\/wp\/v2\/types\/page"}],"author":[{"embeddable":true,"href":"https:\/\/teasane.eu\/index.php\/wp-json\/wp\/v2\/users\/1"}],"replies":[{"embeddable":true,"href":"https:\/\/teasane.eu\/index.php\/wp-json\/wp\/v2\/comments?post=1273"}],"version-history":[{"count":5,"href":"https:\/\/teasane.eu\/index.php\/wp-json\/wp\/v2\/pages\/1273\/revisions"}],"predecessor-version":[{"id":1280,"href":"https:\/\/teasane.eu\/index.php\/wp-json\/wp\/v2\/pages\/1273\/revisions\/1280"}],"wp:attachment":[{"href":"https:\/\/teasane.eu\/index.php\/wp-json\/wp\/v2\/media?parent=1273"}],"curies":[{"name":"wp","href":"https:\/\/api.w.org\/{rel}","templated":true}]}}