{"id":1384,"date":"2021-01-05T12:45:34","date_gmt":"2021-01-05T11:45:34","guid":{"rendered":"http:\/\/teasane.eu\/?page_id=1384"},"modified":"2021-01-14T15:01:42","modified_gmt":"2021-01-14T14:01:42","slug":"la-cave-a-the","status":"publish","type":"page","link":"https:\/\/teasane.eu\/index.php\/la-cave-a-the\/","title":{"rendered":"LA CAVE \u00c0 TH\u00c9"},"content":{"rendered":"\n<div class=\"wp-block-image\"><figure class=\"aligncenter size-large\"><img decoding=\"async\" src=\"https:\/\/teasane.eu\/wp-content\/uploads\/2021\/01\/logo-bandeau.png\" alt=\"\" class=\"wp-image-1376\"\/><\/figure><\/div>\n\n\n\n<p class=\"has-text-align-center\">\u00ab\u00a0<em>La cave \u00e0 th\u00e9s se veut avant tout un lieu d\u2019\u00e9changes et de partage dans lequel vous \u00eates invit\u00e9 au voyage gustatif<\/em>.\u00a0\u00bb<\/p>\n\n\n\n<p><\/p>\n\n\n\n<p class=\"has-text-align-center\">UNE BONNE TRENTAINE DE TH\u00c9S, DE TOUTES LES COULEURS, CHOISIS DANS LA GAMME DE TEASANE. <\/p>\n\n\n\n<div class=\"wp-block-image\"><figure class=\"aligncenter size-large\"><img decoding=\"async\" src=\"https:\/\/teasane.eu\/wp-content\/uploads\/2021\/01\/lorene_3239.jpg\" alt=\"\" class=\"wp-image-1378\"\/><\/figure><\/div>\n\n\n\n<p><\/p>\n\n\n\n<p><\/p>\n\n\n\n<p class=\"has-text-align-center\">Lor\u00e8ne MilleT &#8211; Cave \u00e0 th\u00e9s<br>7 rue Fontange<br>13006 MARSEILLE<\/p>\n\n\n\n<p class=\"has-text-align-center\">Tel : 0980615299<\/p>\n\n\n\n<p class=\"has-text-align-center\">Courriel :&nbsp;<a href=\"mailto:contact@lorenemillet.com\">contact@lorenemillet.com<\/a><\/p>\n\n\n\n<p class=\"has-text-align-center\">Horaires : du mardi au samedi de 10h \u00e0 13h puis de 15h \u00e0 19h.<\/p>\n\n\n\n<p class=\"has-text-align-center\"><\/p>\n\n\n\n<p class=\"has-text-align-center\">Facebook :&nbsp;<a href=\"https:\/\/www.facebook.com\/caveathes\/\">https:\/\/www.facebook.com\/caveathes\/<\/a>&nbsp;<\/p>\n\n\n\n<p class=\"has-text-align-center\">Instagram : @lorenemillet<\/p>\n","protected":false},"excerpt":{"rendered":"<p>\u00ab\u00a0La cave \u00e0 th\u00e9s se veut avant tout un lieu d\u2019\u00e9changes et de partage dans lequel vous \u00eates invit\u00e9 au voyage gustatif.\u00a0\u00bb UNE BONNE TRENTAINE DE TH\u00c9S, DE TOUTES LES COULEURS, CHOISIS DANS LA GAMME DE TEASANE. Lor\u00e8ne MilleT &#8211; Cave \u00e0 th\u00e9s7 rue Fontange13006 MARSEILLE Tel : 0980615299 Courriel :&nbsp;contact@lorenemillet.com Horaires : du mardi [&hellip;]<\/p>\n","protected":false},"author":1,"featured_media":0,"parent":0,"menu_order":0,"comment_status":"closed","ping_status":"closed","template":"","meta":{"ocean_post_layout":"","ocean_both_sidebars_style":"","ocean_both_sidebars_content_width":0,"ocean_both_sidebars_sidebars_width":0,"ocean_sidebar":"0","ocean_second_sidebar":"0","ocean_disable_margins":"enable","ocean_add_body_class":"","ocean_shortcode_before_top_bar":"","ocean_shortcode_after_top_bar":"","ocean_shortcode_before_header":"","ocean_shortcode_after_header":"","ocean_has_shortcode":"","ocean_shortcode_after_title":"","ocean_shortcode_before_footer_widgets":"","ocean_shortcode_after_footer_widgets":"","ocean_shortcode_before_footer_bottom":"","ocean_shortcode_after_footer_bottom":"","ocean_display_top_bar":"default","ocean_display_header":"default","ocean_header_style":"","ocean_center_header_left_menu":"0","ocean_custom_header_template":"0","ocean_custom_logo":0,"ocean_custom_retina_logo":0,"ocean_custom_logo_max_width":0,"ocean_custom_logo_tablet_max_width":0,"ocean_custom_logo_mobile_max_width":0,"ocean_custom_logo_max_height":0,"ocean_custom_logo_tablet_max_height":0,"ocean_custom_logo_mobile_max_height":0,"ocean_header_custom_menu":"0","ocean_menu_typo_font_family":"0","ocean_menu_typo_font_subset":"","ocean_menu_typo_font_size":0,"ocean_menu_typo_font_size_tablet":0,"ocean_menu_typo_font_size_mobile":0,"ocean_menu_typo_font_size_unit":"px","ocean_menu_typo_font_weight":"","ocean_menu_typo_font_weight_tablet":"","ocean_menu_typo_font_weight_mobile":"","ocean_menu_typo_transform":"","ocean_menu_typo_transform_tablet":"","ocean_menu_typo_transform_mobile":"","ocean_menu_typo_line_height":0,"ocean_menu_typo_line_height_tablet":0,"ocean_menu_typo_line_height_mobile":0,"ocean_menu_typo_line_height_unit":"","ocean_menu_typo_spacing":0,"ocean_menu_typo_spacing_tablet":0,"ocean_menu_typo_spacing_mobile":0,"ocean_menu_typo_spacing_unit":"","ocean_menu_link_color":"","ocean_menu_link_color_hover":"","ocean_menu_link_color_active":"","ocean_menu_link_background":"","ocean_menu_link_hover_background":"","ocean_menu_link_active_background":"","ocean_menu_social_links_bg":"","ocean_menu_social_hover_links_bg":"","ocean_menu_social_links_color":"","ocean_menu_social_hover_links_color":"","ocean_disable_title":"default","ocean_disable_heading":"default","ocean_post_title":"","ocean_post_subheading":"","ocean_post_title_style":"","ocean_post_title_background_color":"","ocean_post_title_background":0,"ocean_post_title_bg_image_position":"","ocean_post_title_bg_image_attachment":"","ocean_post_title_bg_image_repeat":"","ocean_post_title_bg_image_size":"","ocean_post_title_height":0,"ocean_post_title_bg_overlay":0.5,"ocean_post_title_bg_overlay_color":"","ocean_disable_breadcrumbs":"default","ocean_breadcrumbs_color":"","ocean_breadcrumbs_separator_color":"","ocean_breadcrumbs_links_color":"","ocean_breadcrumbs_links_hover_color":"","ocean_display_footer_widgets":"default","ocean_display_footer_bottom":"default","ocean_custom_footer_template":"0","footnotes":""},"class_list":["post-1384","page","type-page","status-publish","hentry","entry"],"jetpack_sharing_enabled":true,"_links":{"self":[{"href":"https:\/\/teasane.eu\/index.php\/wp-json\/wp\/v2\/pages\/1384","targetHints":{"allow":["GET"]}}],"collection":[{"href":"https:\/\/teasane.eu\/index.php\/wp-json\/wp\/v2\/pages"}],"about":[{"href":"https:\/\/teasane.eu\/index.php\/wp-json\/wp\/v2\/types\/page"}],"author":[{"embeddable":true,"href":"https:\/\/teasane.eu\/index.php\/wp-json\/wp\/v2\/users\/1"}],"replies":[{"embeddable":true,"href":"https:\/\/teasane.eu\/index.php\/wp-json\/wp\/v2\/comments?post=1384"}],"version-history":[{"count":7,"href":"https:\/\/teasane.eu\/index.php\/wp-json\/wp\/v2\/pages\/1384\/revisions"}],"predecessor-version":[{"id":1557,"href":"https:\/\/teasane.eu\/index.php\/wp-json\/wp\/v2\/pages\/1384\/revisions\/1557"}],"wp:attachment":[{"href":"https:\/\/teasane.eu\/index.php\/wp-json\/wp\/v2\/media?parent=1384"}],"curies":[{"name":"wp","href":"https:\/\/api.w.org\/{rel}","templated":true}]}}