{"id":1432,"date":"2021-01-08T08:52:10","date_gmt":"2021-01-08T07:52:10","guid":{"rendered":"http:\/\/teasane.eu\/?page_id=1432"},"modified":"2021-01-14T14:59:07","modified_gmt":"2021-01-14T13:59:07","slug":"the-ritoires","status":"publish","type":"page","link":"https:\/\/teasane.eu\/index.php\/the-ritoires\/","title":{"rendered":"Th\u00e9-ritoires"},"content":{"rendered":"\n<div class=\"wp-block-image\"><figure class=\"aligncenter size-large\"><img decoding=\"async\" src=\"https:\/\/teasane.eu\/wp-content\/uploads\/2020\/12\/200-the-ritoires-logo-1.jpg\" alt=\"\" class=\"wp-image-1038\"\/><\/figure><\/div>\n\n\n\n<p><\/p>\n\n\n\n<p class=\"has-text-align-center\">LA MAISON DES TH\u00c9S AU NATUREL <\/p>\n\n\n\n<p class=\"has-text-align-center\">UNE S\u00c9LECTION RIGOUREUSE DE PR\u00c8S DE 40 R\u00c9F\u00c9RENCES TEASANE PARMI LES PLUS GRANDS JARDINS DE PUER, TGY, YANCHA ET TH\u00c9S VERTS.<\/p>\n\n\n\n<p>* Coordonn\u00e9es : 5, rue de Cond\u00e9, 75006 Paris \/ 01.42.03.31.51 \/&nbsp;<a href=\"mailto:contact@the-ritoires.com\">contact@the-ritoires.com<\/a><\/p>\n\n\n\n<p>* Horaires : du mardi au samedi de 11h \u00e0 19h, le dimanche de 14h \u00e0 19h<\/p>\n\n\n\n<p>* Boutique en ligne :&nbsp;<a href=\"https:\/\/www.theritoires.com\/index.php\/thes-infusions\/\">https:\/\/www.theritoires.com\/index.php\/thes-infusions\/<\/a><\/p>\n\n\n\n<p class=\"has-text-align-center\">* Th\u00e9s embl\u00e9matiques :&nbsp;<a href=\"https:\/\/www.theritoires.com\/index.php\/produit\/gu-shan-bai-yun\/\" data-type=\"URL\">Gu Shan Bai Yun<\/a>&nbsp;(th\u00e9 blanc du Fujian, en lien avec le voyage de Robert Fortune) ou&nbsp;<a href=\"https:\/\/www.theritoires.com\/index.php\/produit\/a-madame-la-roseinde\/\">\u00c0 Madame la Rose<\/a>&nbsp;(th\u00e9 noir d&rsquo;Assam, parfum\u00e9 maison avec des vrais bourgeons de rose) ou encore&nbsp;<a href=\"https:\/\/www.theritoires.com\/index.php\/produit\/sideritis-le-the-des-bergerscooperative-biologique\/\">Sid\u00e9rtis, dit \u00ab\u00a0th\u00e9 des bergers\u00a0\u00bb<\/a>&nbsp;(infusion grecque pour l&rsquo;heure o\u00f9 l&rsquo;on ne veut plus boire de th\u00e9).&nbsp;<\/p>\n\n\n\n<figure class=\"wp-block-image size-large\"><img fetchpriority=\"high\" decoding=\"async\" width=\"1024\" height=\"683\" src=\"https:\/\/teasane.eu\/wp-content\/uploads\/2021\/01\/\u00a9ROSE_1120_C8A9384.jpg\" alt=\"\" class=\"wp-image-1433\" srcset=\"https:\/\/teasane.eu\/wp-content\/uploads\/2021\/01\/\u00a9ROSE_1120_C8A9384.jpg 1024w, https:\/\/teasane.eu\/wp-content\/uploads\/2021\/01\/\u00a9ROSE_1120_C8A9384-300x200.jpg 300w, https:\/\/teasane.eu\/wp-content\/uploads\/2021\/01\/\u00a9ROSE_1120_C8A9384-768x512.jpg 768w\" sizes=\"(max-width: 1024px) 100vw, 1024px\" \/><figcaption>Th\u00e9-Ritoires<\/figcaption><\/figure>\n","protected":false},"excerpt":{"rendered":"<p>LA MAISON DES TH\u00c9S AU NATUREL UNE S\u00c9LECTION RIGOUREUSE DE PR\u00c8S DE 40 R\u00c9F\u00c9RENCES TEASANE PARMI LES PLUS GRANDS JARDINS DE PUER, TGY, YANCHA ET TH\u00c9S VERTS. * Coordonn\u00e9es : 5, rue de Cond\u00e9, 75006 Paris \/ 01.42.03.31.51 \/&nbsp;contact@the-ritoires.com * Horaires : du mardi au samedi de 11h \u00e0 19h, le dimanche de 14h \u00e0 [&hellip;]<\/p>\n","protected":false},"author":1,"featured_media":0,"parent":0,"menu_order":0,"comment_status":"closed","ping_status":"closed","template":"","meta":{"ocean_post_layout":"","ocean_both_sidebars_style":"","ocean_both_sidebars_content_width":0,"ocean_both_sidebars_sidebars_width":0,"ocean_sidebar":"0","ocean_second_sidebar":"0","ocean_disable_margins":"enable","ocean_add_body_class":"","ocean_shortcode_before_top_bar":"","ocean_shortcode_after_top_bar":"","ocean_shortcode_before_header":"","ocean_shortcode_after_header":"","ocean_has_shortcode":"","ocean_shortcode_after_title":"","ocean_shortcode_before_footer_widgets":"","ocean_shortcode_after_footer_widgets":"","ocean_shortcode_before_footer_bottom":"","ocean_shortcode_after_footer_bottom":"","ocean_display_top_bar":"default","ocean_display_header":"default","ocean_header_style":"","ocean_center_header_left_menu":"0","ocean_custom_header_template":"0","ocean_custom_logo":0,"ocean_custom_retina_logo":0,"ocean_custom_logo_max_width":0,"ocean_custom_logo_tablet_max_width":0,"ocean_custom_logo_mobile_max_width":0,"ocean_custom_logo_max_height":0,"ocean_custom_logo_tablet_max_height":0,"ocean_custom_logo_mobile_max_height":0,"ocean_header_custom_menu":"0","ocean_menu_typo_font_family":"0","ocean_menu_typo_font_subset":"","ocean_menu_typo_font_size":0,"ocean_menu_typo_font_size_tablet":0,"ocean_menu_typo_font_size_mobile":0,"ocean_menu_typo_font_size_unit":"px","ocean_menu_typo_font_weight":"","ocean_menu_typo_font_weight_tablet":"","ocean_menu_typo_font_weight_mobile":"","ocean_menu_typo_transform":"","ocean_menu_typo_transform_tablet":"","ocean_menu_typo_transform_mobile":"","ocean_menu_typo_line_height":0,"ocean_menu_typo_line_height_tablet":0,"ocean_menu_typo_line_height_mobile":0,"ocean_menu_typo_line_height_unit":"","ocean_menu_typo_spacing":0,"ocean_menu_typo_spacing_tablet":0,"ocean_menu_typo_spacing_mobile":0,"ocean_menu_typo_spacing_unit":"","ocean_menu_link_color":"","ocean_menu_link_color_hover":"","ocean_menu_link_color_active":"","ocean_menu_link_background":"","ocean_menu_link_hover_background":"","ocean_menu_link_active_background":"","ocean_menu_social_links_bg":"","ocean_menu_social_hover_links_bg":"","ocean_menu_social_links_color":"","ocean_menu_social_hover_links_color":"","ocean_disable_title":"default","ocean_disable_heading":"default","ocean_post_title":"","ocean_post_subheading":"","ocean_post_title_style":"","ocean_post_title_background_color":"","ocean_post_title_background":0,"ocean_post_title_bg_image_position":"","ocean_post_title_bg_image_attachment":"","ocean_post_title_bg_image_repeat":"","ocean_post_title_bg_image_size":"","ocean_post_title_height":0,"ocean_post_title_bg_overlay":0.5,"ocean_post_title_bg_overlay_color":"","ocean_disable_breadcrumbs":"default","ocean_breadcrumbs_color":"","ocean_breadcrumbs_separator_color":"","ocean_breadcrumbs_links_color":"","ocean_breadcrumbs_links_hover_color":"","ocean_display_footer_widgets":"default","ocean_display_footer_bottom":"default","ocean_custom_footer_template":"0","footnotes":""},"class_list":["post-1432","page","type-page","status-publish","hentry","entry"],"jetpack_sharing_enabled":true,"_links":{"self":[{"href":"https:\/\/teasane.eu\/index.php\/wp-json\/wp\/v2\/pages\/1432","targetHints":{"allow":["GET"]}}],"collection":[{"href":"https:\/\/teasane.eu\/index.php\/wp-json\/wp\/v2\/pages"}],"about":[{"href":"https:\/\/teasane.eu\/index.php\/wp-json\/wp\/v2\/types\/page"}],"author":[{"embeddable":true,"href":"https:\/\/teasane.eu\/index.php\/wp-json\/wp\/v2\/users\/1"}],"replies":[{"embeddable":true,"href":"https:\/\/teasane.eu\/index.php\/wp-json\/wp\/v2\/comments?post=1432"}],"version-history":[{"count":3,"href":"https:\/\/teasane.eu\/index.php\/wp-json\/wp\/v2\/pages\/1432\/revisions"}],"predecessor-version":[{"id":1555,"href":"https:\/\/teasane.eu\/index.php\/wp-json\/wp\/v2\/pages\/1432\/revisions\/1555"}],"wp:attachment":[{"href":"https:\/\/teasane.eu\/index.php\/wp-json\/wp\/v2\/media?parent=1432"}],"curies":[{"name":"wp","href":"https:\/\/api.w.org\/{rel}","templated":true}]}}