{"id":1442,"date":"2021-01-13T12:41:47","date_gmt":"2021-01-13T11:41:47","guid":{"rendered":"http:\/\/teasane.eu\/?page_id=1442"},"modified":"2021-01-14T14:39:52","modified_gmt":"2021-01-14T13:39:52","slug":"unami","status":"publish","type":"page","link":"https:\/\/teasane.eu\/index.php\/unami\/","title":{"rendered":"UNAMI"},"content":{"rendered":"\n<div class=\"wp-block-image\"><figure class=\"aligncenter size-large\"><img fetchpriority=\"high\" decoding=\"async\" width=\"481\" height=\"578\" src=\"https:\/\/teasane.eu\/wp-content\/uploads\/2021\/01\/logounami.jpeg\" alt=\"Unami, maison de th\u00e9 , l'Empire du th\u00e9, Teasane, guide des th\u00e9s de Chine, th\u00e9s de Chine, Katrin Rougeventre, \" class=\"wp-image-1443\" srcset=\"https:\/\/teasane.eu\/wp-content\/uploads\/2021\/01\/logounami.jpeg 481w, https:\/\/teasane.eu\/wp-content\/uploads\/2021\/01\/logounami-250x300.jpeg 250w\" sizes=\"(max-width: 481px) 100vw, 481px\" \/><\/figure><\/div>\n\n\n\n<p><\/p>\n\n\n\n<p class=\"has-text-align-center\">UNE S\u00c9LECTION PRESQUE EXHAUSTIVE DE 40 TH\u00c9S DIFF\u00c9RENTS. <\/p>\n\n\n\n<p class=\"has-text-align-center\">UNAMI a \u00e9t\u00e9 la toute premi\u00e8re enseigne \u00e0 me faire confiance et \u00e0 proposer dans ses deux boutiques, \u00e0 Lille et \u00e0 Bruxelles, presque la totalit\u00e9 de mes th\u00e9s. Un partenariat de longue date, qui nous permet de vous proposer des th\u00e9s d&rsquo;une qualit\u00e9 exceptionnelle, introuvables dans les circuits traditionnels du n\u00e9goce.<\/p>\n\n\n\n<p><\/p>\n\n\n\n<p class=\"has-text-align-center\">Retrouvez ces th\u00e9s sur la boutique en ligne :  <a rel=\"noreferrer noopener\" href=\"https:\/\/www.unamitea.com\/fr\/148-la-selection-de-katrin-rougeventre\" target=\"_blank\"><\/a><a class=\"\" href=\"https:\/\/www.unamitea.com\/fr\/148-la-selection-de-katrin-rougeventre\">https:\/\/www.unamitea.com\/fr\/148-la-selection-de-katrin-rougeventre<\/a><\/p>\n\n\n\n<p><\/p>\n\n\n\n<div class=\"wp-block-image\"><figure class=\"aligncenter size-large\"><img decoding=\"async\" src=\"https:\/\/teasane.eu\/wp-content\/uploads\/2021\/01\/1-stores_default.jpg.png\" alt=\"Unami, Teasane, L'Empire du th\u00e9, Th\u00e9s de Chine, Guide des Th\u00e9s de Chine, Katrin Rougeventre, comptoir Th\u00e9, vente de th\u00e9s\" class=\"wp-image-1445\"\/><figcaption>UNAMI Lille<br>8 rue Saint Jacques<br>59000 Lille<br>France<br>T\u00e9l. : 0328524370<br>E-mail : <a href=\"mailto:unami_lil@unami-store.com\">unami_lil@unami-store.com<\/a><\/figcaption><\/figure><\/div>\n\n\n\n<div class=\"wp-block-image\"><figure class=\"aligncenter size-large\"><img decoding=\"async\" width=\"400\" height=\"400\" src=\"https:\/\/teasane.eu\/wp-content\/uploads\/2021\/01\/2-stores_default-1.jpg\" alt=\"Unami, Katrin Rougeventre, Teasane, L'Empire du th\u00e9, Th\u00e9s de Chine, Guide des th\u00e9s de Chine, comptoir th\u00e9s, vente de Th\u00e9s, Maison de th\u00e9\" class=\"wp-image-1446\" srcset=\"https:\/\/teasane.eu\/wp-content\/uploads\/2021\/01\/2-stores_default-1.jpg 400w, https:\/\/teasane.eu\/wp-content\/uploads\/2021\/01\/2-stores_default-1-300x300.jpg 300w, https:\/\/teasane.eu\/wp-content\/uploads\/2021\/01\/2-stores_default-1-100x100.jpg 100w\" sizes=\"(max-width: 400px) 100vw, 400px\" \/><figcaption>UNAMI Bruxelles<br>rue du Postillon 2<br>1180 Bruxelles<br>Belgique<br>T\u00e9l. : 02 325 95 12<br>E-mail : <a href=\"mailto:bruxelles@unami-store.com\">bruxelles@unami-store.com<\/a><\/figcaption><\/figure><\/div>\n\n\n\n<p><\/p>\n","protected":false},"excerpt":{"rendered":"<p>UNE S\u00c9LECTION PRESQUE EXHAUSTIVE DE 40 TH\u00c9S DIFF\u00c9RENTS. UNAMI a \u00e9t\u00e9 la toute premi\u00e8re enseigne \u00e0 me faire confiance et \u00e0 proposer dans ses deux boutiques, \u00e0 Lille et \u00e0 Bruxelles, presque la totalit\u00e9 de mes th\u00e9s. Un partenariat de longue date, qui nous permet de vous proposer des th\u00e9s d&rsquo;une qualit\u00e9 exceptionnelle, introuvables dans [&hellip;]<\/p>\n","protected":false},"author":1,"featured_media":0,"parent":0,"menu_order":0,"comment_status":"closed","ping_status":"closed","template":"","meta":{"ocean_post_layout":"","ocean_both_sidebars_style":"","ocean_both_sidebars_content_width":0,"ocean_both_sidebars_sidebars_width":0,"ocean_sidebar":"0","ocean_second_sidebar":"0","ocean_disable_margins":"enable","ocean_add_body_class":"","ocean_shortcode_before_top_bar":"","ocean_shortcode_after_top_bar":"","ocean_shortcode_before_header":"","ocean_shortcode_after_header":"","ocean_has_shortcode":"","ocean_shortcode_after_title":"","ocean_shortcode_before_footer_widgets":"","ocean_shortcode_after_footer_widgets":"","ocean_shortcode_before_footer_bottom":"","ocean_shortcode_after_footer_bottom":"","ocean_display_top_bar":"default","ocean_display_header":"default","ocean_header_style":"","ocean_center_header_left_menu":"0","ocean_custom_header_template":"0","ocean_custom_logo":0,"ocean_custom_retina_logo":0,"ocean_custom_logo_max_width":0,"ocean_custom_logo_tablet_max_width":0,"ocean_custom_logo_mobile_max_width":0,"ocean_custom_logo_max_height":0,"ocean_custom_logo_tablet_max_height":0,"ocean_custom_logo_mobile_max_height":0,"ocean_header_custom_menu":"0","ocean_menu_typo_font_family":"0","ocean_menu_typo_font_subset":"","ocean_menu_typo_font_size":0,"ocean_menu_typo_font_size_tablet":0,"ocean_menu_typo_font_size_mobile":0,"ocean_menu_typo_font_size_unit":"px","ocean_menu_typo_font_weight":"","ocean_menu_typo_font_weight_tablet":"","ocean_menu_typo_font_weight_mobile":"","ocean_menu_typo_transform":"","ocean_menu_typo_transform_tablet":"","ocean_menu_typo_transform_mobile":"","ocean_menu_typo_line_height":0,"ocean_menu_typo_line_height_tablet":0,"ocean_menu_typo_line_height_mobile":0,"ocean_menu_typo_line_height_unit":"","ocean_menu_typo_spacing":0,"ocean_menu_typo_spacing_tablet":0,"ocean_menu_typo_spacing_mobile":0,"ocean_menu_typo_spacing_unit":"","ocean_menu_link_color":"","ocean_menu_link_color_hover":"","ocean_menu_link_color_active":"","ocean_menu_link_background":"","ocean_menu_link_hover_background":"","ocean_menu_link_active_background":"","ocean_menu_social_links_bg":"","ocean_menu_social_hover_links_bg":"","ocean_menu_social_links_color":"","ocean_menu_social_hover_links_color":"","ocean_disable_title":"default","ocean_disable_heading":"default","ocean_post_title":"","ocean_post_subheading":"","ocean_post_title_style":"","ocean_post_title_background_color":"","ocean_post_title_background":0,"ocean_post_title_bg_image_position":"","ocean_post_title_bg_image_attachment":"","ocean_post_title_bg_image_repeat":"","ocean_post_title_bg_image_size":"","ocean_post_title_height":0,"ocean_post_title_bg_overlay":0.5,"ocean_post_title_bg_overlay_color":"","ocean_disable_breadcrumbs":"default","ocean_breadcrumbs_color":"","ocean_breadcrumbs_separator_color":"","ocean_breadcrumbs_links_color":"","ocean_breadcrumbs_links_hover_color":"","ocean_display_footer_widgets":"default","ocean_display_footer_bottom":"default","ocean_custom_footer_template":"0","footnotes":""},"class_list":["post-1442","page","type-page","status-publish","hentry","entry"],"jetpack_sharing_enabled":true,"_links":{"self":[{"href":"https:\/\/teasane.eu\/index.php\/wp-json\/wp\/v2\/pages\/1442","targetHints":{"allow":["GET"]}}],"collection":[{"href":"https:\/\/teasane.eu\/index.php\/wp-json\/wp\/v2\/pages"}],"about":[{"href":"https:\/\/teasane.eu\/index.php\/wp-json\/wp\/v2\/types\/page"}],"author":[{"embeddable":true,"href":"https:\/\/teasane.eu\/index.php\/wp-json\/wp\/v2\/users\/1"}],"replies":[{"embeddable":true,"href":"https:\/\/teasane.eu\/index.php\/wp-json\/wp\/v2\/comments?post=1442"}],"version-history":[{"count":7,"href":"https:\/\/teasane.eu\/index.php\/wp-json\/wp\/v2\/pages\/1442\/revisions"}],"predecessor-version":[{"id":1547,"href":"https:\/\/teasane.eu\/index.php\/wp-json\/wp\/v2\/pages\/1442\/revisions\/1547"}],"wp:attachment":[{"href":"https:\/\/teasane.eu\/index.php\/wp-json\/wp\/v2\/media?parent=1442"}],"curies":[{"name":"wp","href":"https:\/\/api.w.org\/{rel}","templated":true}]}}