{"id":1506,"date":"2021-01-13T19:11:09","date_gmt":"2021-01-13T18:11:09","guid":{"rendered":"http:\/\/teasane.eu\/?page_id=1506"},"modified":"2022-10-27T13:03:35","modified_gmt":"2022-10-27T11:03:35","slug":"paocha","status":"publish","type":"page","link":"https:\/\/teasane.eu\/index.php\/paocha\/","title":{"rendered":"PAOCHA"},"content":{"rendered":"\t\t<div data-elementor-type=\"wp-page\" data-elementor-id=\"1506\" class=\"elementor elementor-1506\">\n\t\t\t\t\t\t<section class=\"elementor-section elementor-top-section elementor-element elementor-element-1d347303 elementor-section-boxed elementor-section-height-default elementor-section-height-default\" data-id=\"1d347303\" data-element_type=\"section\" data-e-type=\"section\">\n\t\t\t\t\t\t<div class=\"elementor-container elementor-column-gap-default\">\n\t\t\t\t\t<div class=\"elementor-column elementor-col-100 elementor-top-column elementor-element elementor-element-5da5057d\" data-id=\"5da5057d\" data-element_type=\"column\" data-e-type=\"column\">\n\t\t\t<div class=\"elementor-widget-wrap elementor-element-populated\">\n\t\t\t\t\t\t<div class=\"elementor-element elementor-element-c6c3886 elementor-widget elementor-widget-text-editor\" data-id=\"c6c3886\" data-element_type=\"widget\" data-e-type=\"widget\" data-widget_type=\"text-editor.default\">\n\t\t\t\t<div class=\"elementor-widget-container\">\n\t\t\t\t\t\t\t\t\t<p><div class=\"wp-block-image\"><\/p>\n<figure class=\"aligncenter size-large\"><img decoding=\"async\" class=\"wp-image-1422 aligncenter\" src=\"https:\/\/teasane.eu\/wp-content\/uploads\/2021\/01\/100-PAO-CHA-noir-detoure.jpg\" alt=\"\" \/>\n<p style=\"text-align: center;\">\u00a0<\/p>\n<figcaption>P\u00c0O CH\u00c1<\/figcaption>\n<\/figure>\n<p style=\"text-align: center;\"><\/div><\/p>\n<p class=\"has-text-align-center\" style=\"text-align: center;\">C&rsquo;EST UNE S\u00c9LECTION EXIGEANTE DE TH\u00c9S DE GRANDS CRUS.<\/p>\n<p style=\"text-align: center;\"><\/p>\n<p class=\"has-text-align-center\" style=\"text-align: center;\">QUALIT\u00c9, GO\u00dbT, TRA\u00c7ABILIT\u00c9 SONT LES MA\u00ceTRES-MOTS QUI GUIDENT CETTE S\u00c9LECTION<\/p>\n<p style=\"text-align: center;\"><\/p>\n<p style=\"text-align: center;\"><\/p>\n<p class=\"has-text-align-center\" style=\"text-align: center;\">UNE QUARANTAINE DE TH\u00c9S TEASANE, CHOISIS DANS TOUTES LES FAMILLES DE COULEUR.<\/p>\n<p style=\"text-align: center;\">Boutique en ligne :\u00a0<a href=\"http:\/\/www.pao-cha.com\/\">www.pao-cha.com<\/a><br \/>Email :\u00a0<a href=\"mailto:contact@pao-cha.com\">contact@pao-cha.com<\/a><br \/>Facebook :\u00a0<a href=\"http:\/\/www.facebook.com\/boutiquepaocha\">www.facebook.com\/boutiquepaocha<\/a><br \/>Instagram :\u00a0<a href=\"http:\/\/www.instagram.com\/paocha_tea\">www.instagram.com\/paocha_tea<\/a><\/p>\n<p><\/p>\n<p><\/p>\t\t\t\t\t\t\t\t<\/div>\n\t\t\t\t<\/div>\n\t\t\t\t<div class=\"elementor-element elementor-element-f1cf548 elementor-widget elementor-widget-image\" data-id=\"f1cf548\" data-element_type=\"widget\" data-e-type=\"widget\" data-widget_type=\"image.default\">\n\t\t\t\t<div class=\"elementor-widget-container\">\n\t\t\t\t\t\t\t\t\t\t\t\t<figure class=\"wp-caption\">\n\t\t\t\t\t\t\t\t\t\t\t<a href=\"\">\n\t\t\t\t\t\t\t<img fetchpriority=\"high\" decoding=\"async\" width=\"768\" height=\"768\" src=\"https:\/\/teasane.eu\/wp-content\/uploads\/2022\/10\/285150172_3167316483509903_8817423368697564285_n-768x768.jpg\" class=\"attachment-medium_large size-medium_large wp-image-1802\" alt=\"\" srcset=\"https:\/\/teasane.eu\/wp-content\/uploads\/2022\/10\/285150172_3167316483509903_8817423368697564285_n-768x768.jpg 768w, https:\/\/teasane.eu\/wp-content\/uploads\/2022\/10\/285150172_3167316483509903_8817423368697564285_n-300x300.jpg 300w, https:\/\/teasane.eu\/wp-content\/uploads\/2022\/10\/285150172_3167316483509903_8817423368697564285_n-1024x1024.jpg 1024w, https:\/\/teasane.eu\/wp-content\/uploads\/2022\/10\/285150172_3167316483509903_8817423368697564285_n-100x100.jpg 100w, https:\/\/teasane.eu\/wp-content\/uploads\/2022\/10\/285150172_3167316483509903_8817423368697564285_n-600x600.jpg 600w, https:\/\/teasane.eu\/wp-content\/uploads\/2022\/10\/285150172_3167316483509903_8817423368697564285_n.jpg 1440w\" sizes=\"(max-width: 768px) 100vw, 768px\" \/>\t\t\t\t\t\t\t\t<\/a>\n\t\t\t\t\t\t\t\t\t\t\t<figcaption class=\"widget-image-caption wp-caption-text\"><\/figcaption>\n\t\t\t\t\t\t\t\t\t\t<\/figure>\n\t\t\t\t\t\t\t\t\t<\/div>\n\t\t\t\t<\/div>\n\t\t\t\t\t<\/div>\n\t\t<\/div>\n\t\t\t\t\t<\/div>\n\t\t<\/section>\n\t\t\t\t<section class=\"elementor-section elementor-top-section elementor-element elementor-element-971aba7 elementor-section-boxed elementor-section-height-default elementor-section-height-default\" data-id=\"971aba7\" data-element_type=\"section\" data-e-type=\"section\">\n\t\t\t\t\t\t<div class=\"elementor-container elementor-column-gap-default\">\n\t\t\t\t\t<div class=\"elementor-column elementor-col-100 elementor-top-column elementor-element elementor-element-26d1303\" data-id=\"26d1303\" data-element_type=\"column\" data-e-type=\"column\">\n\t\t\t<div class=\"elementor-widget-wrap\">\n\t\t\t\t\t\t\t<\/div>\n\t\t<\/div>\n\t\t\t\t\t<\/div>\n\t\t<\/section>\n\t\t\t\t<\/div>\n\t\t","protected":false},"excerpt":{"rendered":"<p>C&rsquo;EST UNE S\u00c9LECTION EXIGEANTE DE TH\u00c9S DE GRANDS CRUS. QUALIT\u00c9, GO\u00dbT, TRA\u00c7ABILIT\u00c9 SONT LES MA\u00ceTRES-MOTS QUI GUIDENT CETTE S\u00c9LECTION UNE QUARANTAINE DE TH\u00c9S TEASANE, CHOISIS DANS TOUTES LES FAMILLES DE COULEUR. Boutique en ligne :\u00a0www.pao-cha.comEmail :\u00a0contact@pao-cha.comFacebook :\u00a0www.facebook.com\/boutiquepaochaInstagram :\u00a0www.instagram.com\/paocha_tea<\/p>\n","protected":false},"author":1,"featured_media":0,"parent":0,"menu_order":0,"comment_status":"closed","ping_status":"closed","template":"","meta":{"ocean_post_layout":"","ocean_both_sidebars_style":"","ocean_both_sidebars_content_width":0,"ocean_both_sidebars_sidebars_width":0,"ocean_sidebar":"0","ocean_second_sidebar":"0","ocean_disable_margins":"enable","ocean_add_body_class":"","ocean_shortcode_before_top_bar":"","ocean_shortcode_after_top_bar":"","ocean_shortcode_before_header":"","ocean_shortcode_after_header":"","ocean_has_shortcode":"","ocean_shortcode_after_title":"","ocean_shortcode_before_footer_widgets":"","ocean_shortcode_after_footer_widgets":"","ocean_shortcode_before_footer_bottom":"","ocean_shortcode_after_footer_bottom":"","ocean_display_top_bar":"default","ocean_display_header":"default","ocean_header_style":"","ocean_center_header_left_menu":"0","ocean_custom_header_template":"0","ocean_custom_logo":0,"ocean_custom_retina_logo":0,"ocean_custom_logo_max_width":0,"ocean_custom_logo_tablet_max_width":0,"ocean_custom_logo_mobile_max_width":0,"ocean_custom_logo_max_height":0,"ocean_custom_logo_tablet_max_height":0,"ocean_custom_logo_mobile_max_height":0,"ocean_header_custom_menu":"0","ocean_menu_typo_font_family":"0","ocean_menu_typo_font_subset":"","ocean_menu_typo_font_size":0,"ocean_menu_typo_font_size_tablet":0,"ocean_menu_typo_font_size_mobile":0,"ocean_menu_typo_font_size_unit":"px","ocean_menu_typo_font_weight":"","ocean_menu_typo_font_weight_tablet":"","ocean_menu_typo_font_weight_mobile":"","ocean_menu_typo_transform":"","ocean_menu_typo_transform_tablet":"","ocean_menu_typo_transform_mobile":"","ocean_menu_typo_line_height":0,"ocean_menu_typo_line_height_tablet":0,"ocean_menu_typo_line_height_mobile":0,"ocean_menu_typo_line_height_unit":"","ocean_menu_typo_spacing":0,"ocean_menu_typo_spacing_tablet":0,"ocean_menu_typo_spacing_mobile":0,"ocean_menu_typo_spacing_unit":"","ocean_menu_link_color":"","ocean_menu_link_color_hover":"","ocean_menu_link_color_active":"","ocean_menu_link_background":"","ocean_menu_link_hover_background":"","ocean_menu_link_active_background":"","ocean_menu_social_links_bg":"","ocean_menu_social_hover_links_bg":"","ocean_menu_social_links_color":"","ocean_menu_social_hover_links_color":"","ocean_disable_title":"default","ocean_disable_heading":"default","ocean_post_title":"","ocean_post_subheading":"","ocean_post_title_style":"","ocean_post_title_background_color":"","ocean_post_title_background":0,"ocean_post_title_bg_image_position":"","ocean_post_title_bg_image_attachment":"","ocean_post_title_bg_image_repeat":"","ocean_post_title_bg_image_size":"","ocean_post_title_height":0,"ocean_post_title_bg_overlay":0.5,"ocean_post_title_bg_overlay_color":"","ocean_disable_breadcrumbs":"default","ocean_breadcrumbs_color":"","ocean_breadcrumbs_separator_color":"","ocean_breadcrumbs_links_color":"","ocean_breadcrumbs_links_hover_color":"","ocean_display_footer_widgets":"default","ocean_display_footer_bottom":"default","ocean_custom_footer_template":"0","footnotes":""},"class_list":["post-1506","page","type-page","status-publish","hentry","entry"],"jetpack_sharing_enabled":true,"_links":{"self":[{"href":"https:\/\/teasane.eu\/index.php\/wp-json\/wp\/v2\/pages\/1506","targetHints":{"allow":["GET"]}}],"collection":[{"href":"https:\/\/teasane.eu\/index.php\/wp-json\/wp\/v2\/pages"}],"about":[{"href":"https:\/\/teasane.eu\/index.php\/wp-json\/wp\/v2\/types\/page"}],"author":[{"embeddable":true,"href":"https:\/\/teasane.eu\/index.php\/wp-json\/wp\/v2\/users\/1"}],"replies":[{"embeddable":true,"href":"https:\/\/teasane.eu\/index.php\/wp-json\/wp\/v2\/comments?post=1506"}],"version-history":[{"count":24,"href":"https:\/\/teasane.eu\/index.php\/wp-json\/wp\/v2\/pages\/1506\/revisions"}],"predecessor-version":[{"id":1821,"href":"https:\/\/teasane.eu\/index.php\/wp-json\/wp\/v2\/pages\/1506\/revisions\/1821"}],"wp:attachment":[{"href":"https:\/\/teasane.eu\/index.php\/wp-json\/wp\/v2\/media?parent=1506"}],"curies":[{"name":"wp","href":"https:\/\/api.w.org\/{rel}","templated":true}]}}