{"id":1538,"date":"2021-01-14T13:12:45","date_gmt":"2021-01-14T12:12:45","guid":{"rendered":"http:\/\/teasane.eu\/?page_id=1538"},"modified":"2021-01-14T15:23:08","modified_gmt":"2021-01-14T14:23:08","slug":"chahuthe","status":"publish","type":"page","link":"https:\/\/teasane.eu\/index.php\/chahuthe\/","title":{"rendered":"CHAHUTH\u00c9"},"content":{"rendered":"\n<div class=\"wp-block-image\"><figure class=\"aligncenter size-large is-resized\"><img decoding=\"async\" src=\"https:\/\/teasane.eu\/wp-content\/uploads\/2021\/01\/Logoofficiel.pdf\" alt=\"CHAHUTH\u00c9, L'EMPIRE DU TH\u00c9, TEASANE, Katrin Rougeventre, COMPTOIR DE TH\u00c9, VENTE DE TH\u00c9S \" class=\"wp-image-1539\" width=\"111\" height=\"417\"\/><figcaption>LE CHA-H\u00db-TH\u00c9  BELGIQUE <\/figcaption><\/figure><\/div>\n\n\n\n<p class=\"has-text-align-center\">UNE QUINZAINE DE R\u00c9F\u00c9RENCES TEASANE <\/p>\n\n\n\n<p><\/p>\n\n\n\n<p class=\"has-text-align-center\">MAISON DE TH\u00c9 FAMILIALE<\/p>\n\n\n\n<p class=\"has-text-align-center\"> DEPUIS 2003, LE CHA-H\u00db-TH\u00c9 VOUS INVITE \u00c0 LA D\u00c9COUVERTE, AU VOYAGE ET \u00c0 LA RENCONTRE \u00c0 TRAVERS L&rsquo;UNIVERS DU TH\u00c9. <\/p>\n\n\n\n<p class=\"has-text-align-center\">Th\u00e9s\/tisanes conventionnels, bio et artisans, vaisselle, ateliers th\u00e9matiques.<\/p>\n\n\n\n<p><\/p>\n\n\n\n<p class=\"has-text-align-center\">Magasins &nbsp;:<\/p>\n\n\n\n<p class=\"has-text-align-center\">Grand Rue 56, 1348 Louvain-la-Neuve lun au sam de 10h30 \u00e0 18h30<\/p>\n\n\n\n<p class=\"has-text-align-center\">Ch\u00e9e de Bruxelles 155, 1410 Waterloo ma au sam de 10h30 \u00e0 18h30<\/p>\n\n\n\n<p><\/p>\n\n\n\n<p class=\"has-text-align-center\">e-boutique&nbsp;:&nbsp;<a href=\"http:\/\/www.cha-hu-the.be\">http:\/\/www.cha-hu-the.be<\/a><\/p>\n","protected":false},"excerpt":{"rendered":"<p>UNE QUINZAINE DE R\u00c9F\u00c9RENCES TEASANE MAISON DE TH\u00c9 FAMILIALE DEPUIS 2003, LE CHA-H\u00db-TH\u00c9 VOUS INVITE \u00c0 LA D\u00c9COUVERTE, AU VOYAGE ET \u00c0 LA RENCONTRE \u00c0 TRAVERS L&rsquo;UNIVERS DU TH\u00c9. Th\u00e9s\/tisanes conventionnels, bio et artisans, vaisselle, ateliers th\u00e9matiques. Magasins &nbsp;: Grand Rue 56, 1348 Louvain-la-Neuve lun au sam de 10h30 \u00e0 18h30 Ch\u00e9e de Bruxelles 155, [&hellip;]<\/p>\n","protected":false},"author":1,"featured_media":0,"parent":0,"menu_order":0,"comment_status":"closed","ping_status":"closed","template":"","meta":{"ocean_post_layout":"","ocean_both_sidebars_style":"","ocean_both_sidebars_content_width":0,"ocean_both_sidebars_sidebars_width":0,"ocean_sidebar":"0","ocean_second_sidebar":"0","ocean_disable_margins":"enable","ocean_add_body_class":"","ocean_shortcode_before_top_bar":"","ocean_shortcode_after_top_bar":"","ocean_shortcode_before_header":"","ocean_shortcode_after_header":"","ocean_has_shortcode":"","ocean_shortcode_after_title":"","ocean_shortcode_before_footer_widgets":"","ocean_shortcode_after_footer_widgets":"","ocean_shortcode_before_footer_bottom":"","ocean_shortcode_after_footer_bottom":"","ocean_display_top_bar":"default","ocean_display_header":"default","ocean_header_style":"","ocean_center_header_left_menu":"0","ocean_custom_header_template":"0","ocean_custom_logo":0,"ocean_custom_retina_logo":0,"ocean_custom_logo_max_width":0,"ocean_custom_logo_tablet_max_width":0,"ocean_custom_logo_mobile_max_width":0,"ocean_custom_logo_max_height":0,"ocean_custom_logo_tablet_max_height":0,"ocean_custom_logo_mobile_max_height":0,"ocean_header_custom_menu":"0","ocean_menu_typo_font_family":"0","ocean_menu_typo_font_subset":"","ocean_menu_typo_font_size":0,"ocean_menu_typo_font_size_tablet":0,"ocean_menu_typo_font_size_mobile":0,"ocean_menu_typo_font_size_unit":"px","ocean_menu_typo_font_weight":"","ocean_menu_typo_font_weight_tablet":"","ocean_menu_typo_font_weight_mobile":"","ocean_menu_typo_transform":"","ocean_menu_typo_transform_tablet":"","ocean_menu_typo_transform_mobile":"","ocean_menu_typo_line_height":0,"ocean_menu_typo_line_height_tablet":0,"ocean_menu_typo_line_height_mobile":0,"ocean_menu_typo_line_height_unit":"","ocean_menu_typo_spacing":0,"ocean_menu_typo_spacing_tablet":0,"ocean_menu_typo_spacing_mobile":0,"ocean_menu_typo_spacing_unit":"","ocean_menu_link_color":"","ocean_menu_link_color_hover":"","ocean_menu_link_color_active":"","ocean_menu_link_background":"","ocean_menu_link_hover_background":"","ocean_menu_link_active_background":"","ocean_menu_social_links_bg":"","ocean_menu_social_hover_links_bg":"","ocean_menu_social_links_color":"","ocean_menu_social_hover_links_color":"","ocean_disable_title":"default","ocean_disable_heading":"default","ocean_post_title":"","ocean_post_subheading":"","ocean_post_title_style":"","ocean_post_title_background_color":"","ocean_post_title_background":0,"ocean_post_title_bg_image_position":"","ocean_post_title_bg_image_attachment":"","ocean_post_title_bg_image_repeat":"","ocean_post_title_bg_image_size":"","ocean_post_title_height":0,"ocean_post_title_bg_overlay":0.5,"ocean_post_title_bg_overlay_color":"","ocean_disable_breadcrumbs":"default","ocean_breadcrumbs_color":"","ocean_breadcrumbs_separator_color":"","ocean_breadcrumbs_links_color":"","ocean_breadcrumbs_links_hover_color":"","ocean_display_footer_widgets":"default","ocean_display_footer_bottom":"default","ocean_custom_footer_template":"0","footnotes":""},"class_list":["post-1538","page","type-page","status-publish","hentry","entry"],"jetpack_sharing_enabled":true,"_links":{"self":[{"href":"https:\/\/teasane.eu\/index.php\/wp-json\/wp\/v2\/pages\/1538","targetHints":{"allow":["GET"]}}],"collection":[{"href":"https:\/\/teasane.eu\/index.php\/wp-json\/wp\/v2\/pages"}],"about":[{"href":"https:\/\/teasane.eu\/index.php\/wp-json\/wp\/v2\/types\/page"}],"author":[{"embeddable":true,"href":"https:\/\/teasane.eu\/index.php\/wp-json\/wp\/v2\/users\/1"}],"replies":[{"embeddable":true,"href":"https:\/\/teasane.eu\/index.php\/wp-json\/wp\/v2\/comments?post=1538"}],"version-history":[{"count":5,"href":"https:\/\/teasane.eu\/index.php\/wp-json\/wp\/v2\/pages\/1538\/revisions"}],"predecessor-version":[{"id":1888,"href":"https:\/\/teasane.eu\/index.php\/wp-json\/wp\/v2\/pages\/1538\/revisions\/1888"}],"wp:attachment":[{"href":"https:\/\/teasane.eu\/index.php\/wp-json\/wp\/v2\/media?parent=1538"}],"curies":[{"name":"wp","href":"https:\/\/api.w.org\/{rel}","templated":true}]}}