{"id":874,"date":"2020-12-28T23:40:31","date_gmt":"2020-12-28T22:40:31","guid":{"rendered":"http:\/\/teasane.eu\/?page_id=874"},"modified":"2025-11-02T22:51:03","modified_gmt":"2025-11-02T21:51:03","slug":"lire","status":"publish","type":"page","link":"https:\/\/teasane.eu\/index.php\/lire\/","title":{"rendered":"LIRE"},"content":{"rendered":"\t\t<div data-elementor-type=\"wp-page\" data-elementor-id=\"874\" class=\"elementor elementor-874\">\n\t\t\t\t\t\t<section class=\"elementor-section elementor-top-section elementor-element elementor-element-3266a78e elementor-section-content-middle elementor-section-stretched elementor-section-boxed elementor-section-height-default elementor-section-height-default\" data-id=\"3266a78e\" data-element_type=\"section\" data-e-type=\"section\" data-settings=\"{&quot;stretch_section&quot;:&quot;section-stretched&quot;}\">\n\t\t\t\t\t\t<div class=\"elementor-container elementor-column-gap-no\">\n\t\t\t\t\t<div class=\"elementor-column elementor-col-100 elementor-top-column elementor-element elementor-element-3c4f2dc4\" data-id=\"3c4f2dc4\" data-element_type=\"column\" data-e-type=\"column\">\n\t\t\t<div class=\"elementor-widget-wrap elementor-element-populated\">\n\t\t\t\t\t\t<div class=\"elementor-element elementor-element-442ec0cd elementor-widget elementor-widget-heading\" data-id=\"442ec0cd\" data-element_type=\"widget\" data-e-type=\"widget\" data-widget_type=\"heading.default\">\n\t\t\t\t<div class=\"elementor-widget-container\">\n\t\t\t\t\t<h4 class=\"elementor-heading-title elementor-size-default\">L'EMPIRE DU TH\u00c9<\/h4>\t\t\t\t<\/div>\n\t\t\t\t<\/div>\n\t\t\t\t<div class=\"elementor-element elementor-element-c07e75b elementor-widget elementor-widget-heading\" data-id=\"c07e75b\" data-element_type=\"widget\" data-e-type=\"widget\" data-widget_type=\"heading.default\">\n\t\t\t\t<div class=\"elementor-widget-container\">\n\t\t\t\t\t<h4 class=\"elementor-heading-title elementor-size-default\">LE GUIDE DES TH\u00c9S DE CHINE :  <\/h4>\t\t\t\t<\/div>\n\t\t\t\t<\/div>\n\t\t\t\t<div class=\"elementor-element elementor-element-211fc8b0 elementor-widget elementor-widget-heading\" data-id=\"211fc8b0\" data-element_type=\"widget\" data-e-type=\"widget\" data-widget_type=\"heading.default\">\n\t\t\t\t<div class=\"elementor-widget-container\">\n\t\t\t\t\t<h5 class=\"elementor-heading-title elementor-size-default\">TROISI\u00c8ME \u00c9DITION, PARUE EN MARS 2025 <\/h5>\t\t\t\t<\/div>\n\t\t\t\t<\/div>\n\t\t\t\t<div class=\"elementor-element elementor-element-e817e6f gallery-spacing-custom elementor-widget elementor-widget-image-gallery\" data-id=\"e817e6f\" data-element_type=\"widget\" data-e-type=\"widget\" data-widget_type=\"image-gallery.default\">\n\t\t\t\t<div class=\"elementor-widget-container\">\n\t\t\t\t\t\t\t<div class=\"elementor-image-gallery\">\n\t\t\t<div id='gallery-1' class='gallery galleryid-874 gallery-columns-2 gallery-size-full'><figure class='gallery-item'>\n\t\t\t<div class='gallery-icon landscape'>\n\t\t\t\t<a data-elementor-open-lightbox=\"yes\" data-elementor-lightbox-slideshow=\"e817e6f\" data-elementor-lightbox-title=\"ThesdeChine_HISTOIRE 3\" data-e-action-hash=\"#elementor-action%3Aaction%3Dlightbox%26settings%3DeyJpZCI6MTkxMywidXJsIjoiaHR0cHM6XC9cL3RlYXNhbmUuZXVcL3dwLWNvbnRlbnRcL3VwbG9hZHNcLzIwMjVcLzExXC9UaGVzZGVDaGluZV9ISVNUT0lSRS0zLmpwZyIsInNsaWRlc2hvdyI6ImU4MTdlNmYifQ%3D%3D\" href='https:\/\/teasane.eu\/wp-content\/uploads\/2025\/11\/ThesdeChine_HISTOIRE-3.jpg'><img fetchpriority=\"high\" decoding=\"async\" width=\"1587\" height=\"1247\" src=\"https:\/\/teasane.eu\/wp-content\/uploads\/2025\/11\/ThesdeChine_HISTOIRE-3.jpg\" class=\"attachment-full size-full\" alt=\"\" srcset=\"https:\/\/teasane.eu\/wp-content\/uploads\/2025\/11\/ThesdeChine_HISTOIRE-3.jpg 1587w, https:\/\/teasane.eu\/wp-content\/uploads\/2025\/11\/ThesdeChine_HISTOIRE-3-300x236.jpg 300w, https:\/\/teasane.eu\/wp-content\/uploads\/2025\/11\/ThesdeChine_HISTOIRE-3-1024x805.jpg 1024w, https:\/\/teasane.eu\/wp-content\/uploads\/2025\/11\/ThesdeChine_HISTOIRE-3-768x603.jpg 768w, https:\/\/teasane.eu\/wp-content\/uploads\/2025\/11\/ThesdeChine_HISTOIRE-3-1536x1207.jpg 1536w\" sizes=\"(max-width: 1587px) 100vw, 1587px\" \/><\/a>\n\t\t\t<\/div><\/figure><figure class='gallery-item'>\n\t\t\t<div class='gallery-icon landscape'>\n\t\t\t\t<a data-elementor-open-lightbox=\"yes\" data-elementor-lightbox-slideshow=\"e817e6f\" data-elementor-lightbox-title=\"ThesdeChine_YIXING 4\" data-e-action-hash=\"#elementor-action%3Aaction%3Dlightbox%26settings%3DeyJpZCI6MTkxNCwidXJsIjoiaHR0cHM6XC9cL3RlYXNhbmUuZXVcL3dwLWNvbnRlbnRcL3VwbG9hZHNcLzIwMjVcLzExXC9UaGVzZGVDaGluZV9ZSVhJTkctNC5qcGciLCJzbGlkZXNob3ciOiJlODE3ZTZmIn0%3D\" href='https:\/\/teasane.eu\/wp-content\/uploads\/2025\/11\/ThesdeChine_YIXING-4.jpg'><img decoding=\"async\" width=\"1587\" height=\"1247\" src=\"https:\/\/teasane.eu\/wp-content\/uploads\/2025\/11\/ThesdeChine_YIXING-4.jpg\" class=\"attachment-full size-full\" alt=\"\" srcset=\"https:\/\/teasane.eu\/wp-content\/uploads\/2025\/11\/ThesdeChine_YIXING-4.jpg 1587w, https:\/\/teasane.eu\/wp-content\/uploads\/2025\/11\/ThesdeChine_YIXING-4-300x236.jpg 300w, https:\/\/teasane.eu\/wp-content\/uploads\/2025\/11\/ThesdeChine_YIXING-4-1024x805.jpg 1024w, https:\/\/teasane.eu\/wp-content\/uploads\/2025\/11\/ThesdeChine_YIXING-4-768x603.jpg 768w, https:\/\/teasane.eu\/wp-content\/uploads\/2025\/11\/ThesdeChine_YIXING-4-1536x1207.jpg 1536w\" sizes=\"(max-width: 1587px) 100vw, 1587px\" \/><\/a>\n\t\t\t<\/div><\/figure>\n\t\t<\/div>\n\t\t<\/div>\n\t\t\t\t\t\t<\/div>\n\t\t\t\t<\/div>\n\t\t\t\t\t<\/div>\n\t\t<\/div>\n\t\t\t\t\t<\/div>\n\t\t<\/section>\n\t\t\t\t<section class=\"elementor-section elementor-top-section elementor-element elementor-element-e251e98 elementor-section-content-middle elementor-section-stretched elementor-section-boxed elementor-section-height-default elementor-section-height-default\" data-id=\"e251e98\" data-element_type=\"section\" data-e-type=\"section\" data-settings=\"{&quot;stretch_section&quot;:&quot;section-stretched&quot;}\">\n\t\t\t\t\t\t<div class=\"elementor-container elementor-column-gap-no\">\n\t\t\t\t\t<div class=\"elementor-column elementor-col-100 elementor-top-column elementor-element elementor-element-2cfd106\" data-id=\"2cfd106\" data-element_type=\"column\" data-e-type=\"column\">\n\t\t\t<div class=\"elementor-widget-wrap elementor-element-populated\">\n\t\t\t\t\t\t<div class=\"elementor-element elementor-element-0d7de4b elementor-widget elementor-widget-heading\" data-id=\"0d7de4b\" data-element_type=\"widget\" data-e-type=\"widget\" data-widget_type=\"heading.default\">\n\t\t\t\t<div class=\"elementor-widget-container\">\n\t\t\t\t\t<h4 class=\"elementor-heading-title elementor-size-default\">L'EMPIRE DU TH\u00c9<\/h4>\t\t\t\t<\/div>\n\t\t\t\t<\/div>\n\t\t\t\t<div class=\"elementor-element elementor-element-4582b40 elementor-widget elementor-widget-heading\" data-id=\"4582b40\" data-element_type=\"widget\" data-e-type=\"widget\" data-widget_type=\"heading.default\">\n\t\t\t\t<div class=\"elementor-widget-container\">\n\t\t\t\t\t<h4 class=\"elementor-heading-title elementor-size-default\">LE GUIDE DES TH\u00c9S DE CHINE <\/h4>\t\t\t\t<\/div>\n\t\t\t\t<\/div>\n\t\t\t\t<div class=\"elementor-element elementor-element-efa6408 elementor-widget elementor-widget-heading\" data-id=\"efa6408\" data-element_type=\"widget\" data-e-type=\"widget\" data-widget_type=\"heading.default\">\n\t\t\t\t<div class=\"elementor-widget-container\">\n\t\t\t\t\t<h5 class=\"elementor-heading-title elementor-size-default\">Histoire, terroirs, agronomie, savoir-faire, art du th\u00e9...<\/h5>\t\t\t\t<\/div>\n\t\t\t\t<\/div>\n\t\t\t\t<div class=\"elementor-element elementor-element-c278f48 gallery-spacing-custom elementor-widget elementor-widget-image-gallery\" data-id=\"c278f48\" data-element_type=\"widget\" data-e-type=\"widget\" data-widget_type=\"image-gallery.default\">\n\t\t\t\t<div class=\"elementor-widget-container\">\n\t\t\t\t\t\t\t<div class=\"elementor-image-gallery\">\n\t\t\t<div id='gallery-2' class='gallery galleryid-874 gallery-columns-2 gallery-size-full'><figure class='gallery-item'>\n\t\t\t<div class='gallery-icon landscape'>\n\t\t\t\t<a data-elementor-open-lightbox=\"yes\" data-elementor-lightbox-slideshow=\"c278f48\" data-elementor-lightbox-title=\"ThesdeChine_P4\" data-e-action-hash=\"#elementor-action%3Aaction%3Dlightbox%26settings%3DeyJpZCI6ODg0LCJ1cmwiOiJodHRwczpcL1wvdGVhc2FuZS5ldVwvd3AtY29udGVudFwvdXBsb2Fkc1wvMjAyMFwvMTJcL1RoZXNkZUNoaW5lX1A0LWUxNjA5MzYwOTA2NjgzLmpwZyIsInNsaWRlc2hvdyI6ImMyNzhmNDgifQ%3D%3D\" href='https:\/\/teasane.eu\/wp-content\/uploads\/2020\/12\/ThesdeChine_P4-e1609360906683.jpg'><img decoding=\"async\" width=\"800\" height=\"629\" src=\"https:\/\/teasane.eu\/wp-content\/uploads\/2020\/12\/ThesdeChine_P4-e1609360906683.jpg\" class=\"attachment-full size-full\" alt=\"GUIDE DES TH\u00c9S DE CHINE,TEASANE, Katrin Rougeventre, L&#039;EMPIRE DU TH\u00c9, COMPTOIR TH\u00c9, TH\u00c9S DE CHINE\" \/><\/a>\n\t\t\t<\/div><\/figure><figure class='gallery-item'>\n\t\t\t<div class='gallery-icon landscape'>\n\t\t\t\t<a data-elementor-open-lightbox=\"yes\" data-elementor-lightbox-slideshow=\"c278f48\" data-elementor-lightbox-title=\"ThesdeChine_ 2\" data-e-action-hash=\"#elementor-action%3Aaction%3Dlightbox%26settings%3DeyJpZCI6ODg3LCJ1cmwiOiJodHRwczpcL1wvdGVhc2FuZS5ldVwvd3AtY29udGVudFwvdXBsb2Fkc1wvMjAyMFwvMTJcL1RoZXNkZUNoaW5lXy0yLWUxNjA5MzYwODY2NjcwLmpwZyIsInNsaWRlc2hvdyI6ImMyNzhmNDgifQ%3D%3D\" href='https:\/\/teasane.eu\/wp-content\/uploads\/2020\/12\/ThesdeChine_-2-e1609360866670.jpg'><img loading=\"lazy\" decoding=\"async\" width=\"800\" height=\"629\" src=\"https:\/\/teasane.eu\/wp-content\/uploads\/2020\/12\/ThesdeChine_-2-e1609360866670.jpg\" class=\"attachment-full size-full\" alt=\"GUIDE DES TH\u00c9S DE CHINE TEASANE, Katrin Rougeventre, L&#039;EMPIRE DU TH\u00c9, COMPTOIR TH\u00c9, TH\u00c9S DE CHINE\" \/><\/a>\n\t\t\t<\/div><\/figure>\n\t\t<\/div>\n\t\t<\/div>\n\t\t\t\t\t\t<\/div>\n\t\t\t\t<\/div>\n\t\t\t\t<div class=\"elementor-element elementor-element-1718b93 gallery-spacing-custom elementor-widget elementor-widget-image-gallery\" data-id=\"1718b93\" data-element_type=\"widget\" data-e-type=\"widget\" data-widget_type=\"image-gallery.default\">\n\t\t\t\t<div class=\"elementor-widget-container\">\n\t\t\t\t\t\t\t<div class=\"elementor-image-gallery\">\n\t\t\t<div id='gallery-3' class='gallery galleryid-874 gallery-columns-1 gallery-size-full'><figure class='gallery-item'>\n\t\t\t<div class='gallery-icon landscape'>\n\t\t\t\t<a data-elementor-open-lightbox=\"yes\" data-elementor-lightbox-slideshow=\"1718b93\" data-elementor-lightbox-title=\"ThesdeChine_ 6\" data-e-action-hash=\"#elementor-action%3Aaction%3Dlightbox%26settings%3DeyJpZCI6ODgxLCJ1cmwiOiJodHRwczpcL1wvdGVhc2FuZS5ldVwvd3AtY29udGVudFwvdXBsb2Fkc1wvMjAyMFwvMTJcL1RoZXNkZUNoaW5lXy02LWUxNjA5MzYxMDMxNjExLmpwZyIsInNsaWRlc2hvdyI6IjE3MThiOTMifQ%3D%3D\" href='https:\/\/teasane.eu\/wp-content\/uploads\/2020\/12\/ThesdeChine_-6-e1609361031611.jpg'><img loading=\"lazy\" decoding=\"async\" width=\"800\" height=\"629\" src=\"https:\/\/teasane.eu\/wp-content\/uploads\/2020\/12\/ThesdeChine_-6-e1609361031611.jpg\" class=\"attachment-full size-full\" alt=\"GUIDE DES TH\u00c9S DE CHINE,TEASANE, Katrin Rougeventre, L&#039;EMPIRE DU TH\u00c9, COMPTOIR TH\u00c9, TH\u00c9S DE CHINE\" \/><\/a>\n\t\t\t<\/div><\/figure><figure class='gallery-item'>\n\t\t\t<div class='gallery-icon landscape'>\n\t\t\t\t<a data-elementor-open-lightbox=\"yes\" data-elementor-lightbox-slideshow=\"1718b93\" data-elementor-lightbox-title=\"ThesdeChine_SHAANXI\" data-e-action-hash=\"#elementor-action%3Aaction%3Dlightbox%26settings%3DeyJpZCI6MTkxNiwidXJsIjoiaHR0cHM6XC9cL3RlYXNhbmUuZXVcL3dwLWNvbnRlbnRcL3VwbG9hZHNcLzIwMjVcLzExXC9UaGVzZGVDaGluZV9TSEFBTlhJLS5qcGciLCJzbGlkZXNob3ciOiIxNzE4YjkzIn0%3D\" href='https:\/\/teasane.eu\/wp-content\/uploads\/2025\/11\/ThesdeChine_SHAANXI-.jpg'><img loading=\"lazy\" decoding=\"async\" width=\"1587\" height=\"1247\" src=\"https:\/\/teasane.eu\/wp-content\/uploads\/2025\/11\/ThesdeChine_SHAANXI-.jpg\" class=\"attachment-full size-full\" alt=\"\" srcset=\"https:\/\/teasane.eu\/wp-content\/uploads\/2025\/11\/ThesdeChine_SHAANXI-.jpg 1587w, https:\/\/teasane.eu\/wp-content\/uploads\/2025\/11\/ThesdeChine_SHAANXI--300x236.jpg 300w, https:\/\/teasane.eu\/wp-content\/uploads\/2025\/11\/ThesdeChine_SHAANXI--1024x805.jpg 1024w, https:\/\/teasane.eu\/wp-content\/uploads\/2025\/11\/ThesdeChine_SHAANXI--768x603.jpg 768w, https:\/\/teasane.eu\/wp-content\/uploads\/2025\/11\/ThesdeChine_SHAANXI--1536x1207.jpg 1536w\" sizes=\"(max-width: 1587px) 100vw, 1587px\" \/><\/a>\n\t\t\t<\/div><\/figure><figure class='gallery-item'>\n\t\t\t<div class='gallery-icon landscape'>\n\t\t\t\t<a data-elementor-open-lightbox=\"yes\" data-elementor-lightbox-slideshow=\"1718b93\" data-elementor-lightbox-title=\"ThesdeChine_ 5\" data-e-action-hash=\"#elementor-action%3Aaction%3Dlightbox%26settings%3DeyJpZCI6MTkxMCwidXJsIjoiaHR0cHM6XC9cL3RlYXNhbmUuZXVcL3dwLWNvbnRlbnRcL3VwbG9hZHNcLzIwMjVcLzExXC9UaGVzZGVDaGluZV8tNS5qcGciLCJzbGlkZXNob3ciOiIxNzE4YjkzIn0%3D\" href='https:\/\/teasane.eu\/wp-content\/uploads\/2025\/11\/ThesdeChine_-5.jpg'><img loading=\"lazy\" decoding=\"async\" width=\"1587\" height=\"1247\" src=\"https:\/\/teasane.eu\/wp-content\/uploads\/2025\/11\/ThesdeChine_-5.jpg\" class=\"attachment-full size-full\" alt=\"\" srcset=\"https:\/\/teasane.eu\/wp-content\/uploads\/2025\/11\/ThesdeChine_-5.jpg 1587w, https:\/\/teasane.eu\/wp-content\/uploads\/2025\/11\/ThesdeChine_-5-300x236.jpg 300w, https:\/\/teasane.eu\/wp-content\/uploads\/2025\/11\/ThesdeChine_-5-1024x805.jpg 1024w, https:\/\/teasane.eu\/wp-content\/uploads\/2025\/11\/ThesdeChine_-5-768x603.jpg 768w, https:\/\/teasane.eu\/wp-content\/uploads\/2025\/11\/ThesdeChine_-5-1536x1207.jpg 1536w\" sizes=\"(max-width: 1587px) 100vw, 1587px\" \/><\/a>\n\t\t\t<\/div><\/figure>\n\t\t<\/div>\n\t\t<\/div>\n\t\t\t\t\t\t<\/div>\n\t\t\t\t<\/div>\n\t\t\t\t\t<\/div>\n\t\t<\/div>\n\t\t\t\t\t<\/div>\n\t\t<\/section>\n\t\t\t\t<section class=\"elementor-section elementor-top-section elementor-element elementor-element-ecced1d elementor-section-boxed elementor-section-height-default elementor-section-height-default\" data-id=\"ecced1d\" data-element_type=\"section\" data-e-type=\"section\">\n\t\t\t\t\t\t<div class=\"elementor-container elementor-column-gap-default\">\n\t\t\t\t\t<div class=\"elementor-column elementor-col-100 elementor-top-column elementor-element elementor-element-37caf26\" data-id=\"37caf26\" data-element_type=\"column\" data-e-type=\"column\">\n\t\t\t<div class=\"elementor-widget-wrap elementor-element-populated\">\n\t\t\t\t\t\t<div class=\"elementor-element elementor-element-5b55ad9 elementor-widget elementor-widget-wpforms\" data-id=\"5b55ad9\" data-element_type=\"widget\" data-e-type=\"widget\" data-widget_type=\"wpforms.default\">\n\t\t\t\t<div class=\"elementor-widget-container\">\n\t\t\t\t\t<div class=\"wpforms-container wpforms-container-full\" id=\"wpforms-1774\"><form id=\"wpforms-form-1774\" class=\"wpforms-validate wpforms-form wpforms-ajax-form\" data-formid=\"1774\" method=\"post\" enctype=\"multipart\/form-data\" action=\"\/index.php\/wp-json\/wp\/v2\/pages\/874\" data-token=\"40830eecc8d775baa2bd6b3d815aa4c1\" data-token-time=\"1775634665\"><noscript class=\"wpforms-error-noscript\">Veuillez activer JavaScript dans votre navigateur pour remplir ce formulaire.<\/noscript><div class=\"wpforms-field-container\"><div id=\"wpforms-1774-field_0-container\" class=\"wpforms-field wpforms-field-name\" data-field-id=\"0\"><label class=\"wpforms-field-label\">Nom <span class=\"wpforms-required-label\">*<\/span><\/label><div class=\"wpforms-field-row wpforms-field-medium\"><div class=\"wpforms-field-row-block wpforms-first wpforms-one-half\"><input type=\"text\" id=\"wpforms-1774-field_0\" class=\"wpforms-field-name-first wpforms-field-required\" name=\"wpforms[fields][0][first]\" required><label for=\"wpforms-1774-field_0\" class=\"wpforms-field-sublabel after\">Pr\u00e9nom<\/label><\/div><div class=\"wpforms-field-row-block wpforms-one-half\"><input type=\"text\" id=\"wpforms-1774-field_0-last\" class=\"wpforms-field-name-last wpforms-field-required\" name=\"wpforms[fields][0][last]\" required><label for=\"wpforms-1774-field_0-last\" class=\"wpforms-field-sublabel after\">Nom<\/label><\/div><\/div><\/div><div id=\"wpforms-1774-field_1-container\" class=\"wpforms-field wpforms-field-email\" data-field-id=\"1\"><label class=\"wpforms-field-label\" for=\"wpforms-1774-field_1\">E-mail <span class=\"wpforms-required-label\">*<\/span><\/label><input type=\"email\" id=\"wpforms-1774-field_1\" class=\"wpforms-field-medium wpforms-field-required\" name=\"wpforms[fields][1]\" spellcheck=\"false\" required><\/div><div id=\"wpforms-1774-field_2-container\" class=\"wpforms-field wpforms-field-textarea\" data-field-id=\"2\"><label class=\"wpforms-field-label\" for=\"wpforms-1774-field_2\">Commentaire ou message<\/label><textarea id=\"wpforms-1774-field_2\" class=\"wpforms-field-medium\" name=\"wpforms[fields][2]\" ><\/textarea><\/div><div id=\"wpforms-1774-field_3-container\" class=\"wpforms-field wpforms-field-radio\" data-field-id=\"3\"><label class=\"wpforms-field-label\">S\u00c9LECTIONNER UN LIVRE OU COFFRET <\/label><ul id=\"wpforms-1774-field_3\"><li class=\"choice-1 depth-1\"><input type=\"radio\" id=\"wpforms-1774-field_3_1\" name=\"wpforms[fields][3]\" value=\"L&#039;EMPIRE DU TH\u00c9, GUIDE DES TH\u00c9S DE CHINE (\u00c9DITION 2) \"  ><label class=\"wpforms-field-label-inline\" for=\"wpforms-1774-field_3_1\">L'EMPIRE DU TH\u00c9, GUIDE DES TH\u00c9S DE CHINE (\u00c9DITION 2)<\/label><\/li><li class=\"choice-2 depth-1\"><input type=\"radio\" id=\"wpforms-1774-field_3_2\" name=\"wpforms[fields][3]\" value=\"LES POUVOIRS DU TH\u00c9\"  ><label class=\"wpforms-field-label-inline\" for=\"wpforms-1774-field_3_2\">LES POUVOIRS DU TH\u00c9<\/label><\/li><li class=\"choice-3 depth-1\"><input type=\"radio\" id=\"wpforms-1774-field_3_3\" name=\"wpforms[fields][3]\" value=\"COFFRET S\u00c9R\u00c9NITH\u00c9\"  ><label class=\"wpforms-field-label-inline\" for=\"wpforms-1774-field_3_3\">COFFRET S\u00c9R\u00c9NITH\u00c9<\/label><\/li><li class=\"choice-4 depth-1\"><input type=\"radio\" id=\"wpforms-1774-field_3_4\" name=\"wpforms[fields][3]\" value=\"COFFRET UN TH\u00c9 AU BORD DU LAC\"  ><label class=\"wpforms-field-label-inline\" for=\"wpforms-1774-field_3_4\">COFFRET UN TH\u00c9 AU BORD DU LAC<\/label><\/li><li class=\"choice-5 depth-1\"><input type=\"radio\" id=\"wpforms-1774-field_3_5\" name=\"wpforms[fields][3]\" value=\"COFFRET MON JOLI SALON DE TH\u00c9\"  ><label class=\"wpforms-field-label-inline\" for=\"wpforms-1774-field_3_5\">COFFRET MON JOLI SALON DE TH\u00c9<\/label><\/li><li class=\"choice-6 depth-1\"><input type=\"radio\" id=\"wpforms-1774-field_3_6\" name=\"wpforms[fields][3]\" value=\"COFFRET MON PETIT MOMENT TH\u00c9\"  ><label class=\"wpforms-field-label-inline\" for=\"wpforms-1774-field_3_6\">COFFRET MON PETIT MOMENT TH\u00c9<\/label><\/li><li class=\"choice-7 depth-1\"><input type=\"radio\" id=\"wpforms-1774-field_3_7\" name=\"wpforms[fields][3]\" value=\"CONNA\u00ceTRE LE PRIX\"  ><label class=\"wpforms-field-label-inline\" for=\"wpforms-1774-field_3_7\">CONNA\u00ceTRE LE PRIX<\/label><\/li><li class=\"choice-8 depth-1\"><input type=\"radio\" id=\"wpforms-1774-field_3_8\" name=\"wpforms[fields][3]\" value=\"METTRE DE C\u00d4T\u00c9 \"  ><label class=\"wpforms-field-label-inline\" for=\"wpforms-1774-field_3_8\">METTRE DE C\u00d4T\u00c9<\/label><\/li><\/ul><\/div><\/div><!-- .wpforms-field-container --><div class=\"wpforms-submit-container\" ><input type=\"hidden\" name=\"wpforms[id]\" value=\"1774\"><input type=\"hidden\" name=\"page_title\" value=\"\"><input type=\"hidden\" name=\"page_url\" value=\"https:\/\/teasane.eu\/index.php\/wp-json\/wp\/v2\/pages\/874\"><input type=\"hidden\" name=\"url_referer\" value=\"\"><button type=\"submit\" name=\"wpforms[submit]\" id=\"wpforms-submit-1774\" class=\"wpforms-submit\" data-alt-text=\"Envoi...\" data-submit-text=\"Envoyer\" aria-live=\"assertive\" value=\"wpforms-submit\">Envoyer<\/button><img loading=\"lazy\" decoding=\"async\" src=\"https:\/\/teasane.eu\/wp-content\/plugins\/wpforms-lite\/assets\/images\/submit-spin.svg\" class=\"wpforms-submit-spinner\" style=\"display: none;\" width=\"26\" height=\"26\" alt=\"Chargement en cours\"><\/div><\/form><\/div>  <!-- .wpforms-container -->\t\t\t\t<\/div>\n\t\t\t\t<\/div>\n\t\t\t\t\t<\/div>\n\t\t<\/div>\n\t\t\t\t\t<\/div>\n\t\t<\/section>\n\t\t\t\t<\/div>\n\t\t","protected":false},"excerpt":{"rendered":"<p>L&rsquo;EMPIRE DU TH\u00c9 LE GUIDE DES TH\u00c9S DE CHINE : TROISI\u00c8ME \u00c9DITION, PARUE EN MARS 2025 L&rsquo;EMPIRE DU TH\u00c9 LE GUIDE DES TH\u00c9S DE CHINE Histoire, terroirs, agronomie, savoir-faire, art du th\u00e9&#8230; Veuillez activer JavaScript dans votre navigateur pour remplir ce formulaire.Nom *Pr\u00e9nomNomE-mail *Commentaire ou messageS\u00c9LECTIONNER UN LIVRE OU COFFRET L&rsquo;EMPIRE DU TH\u00c9, GUIDE DES [&hellip;]<\/p>\n","protected":false},"author":1,"featured_media":0,"parent":0,"menu_order":0,"comment_status":"closed","ping_status":"closed","template":"","meta":{"ocean_post_layout":"","ocean_both_sidebars_style":"","ocean_both_sidebars_content_width":0,"ocean_both_sidebars_sidebars_width":0,"ocean_sidebar":"0","ocean_second_sidebar":"0","ocean_disable_margins":"enable","ocean_add_body_class":"","ocean_shortcode_before_top_bar":"","ocean_shortcode_after_top_bar":"","ocean_shortcode_before_header":"","ocean_shortcode_after_header":"","ocean_has_shortcode":"","ocean_shortcode_after_title":"","ocean_shortcode_before_footer_widgets":"","ocean_shortcode_after_footer_widgets":"","ocean_shortcode_before_footer_bottom":"","ocean_shortcode_after_footer_bottom":"","ocean_display_top_bar":"default","ocean_display_header":"default","ocean_header_style":"","ocean_center_header_left_menu":"0","ocean_custom_header_template":"0","ocean_custom_logo":0,"ocean_custom_retina_logo":0,"ocean_custom_logo_max_width":0,"ocean_custom_logo_tablet_max_width":0,"ocean_custom_logo_mobile_max_width":0,"ocean_custom_logo_max_height":0,"ocean_custom_logo_tablet_max_height":0,"ocean_custom_logo_mobile_max_height":0,"ocean_header_custom_menu":"0","ocean_menu_typo_font_family":"0","ocean_menu_typo_font_subset":"","ocean_menu_typo_font_size":0,"ocean_menu_typo_font_size_tablet":0,"ocean_menu_typo_font_size_mobile":0,"ocean_menu_typo_font_size_unit":"px","ocean_menu_typo_font_weight":"","ocean_menu_typo_font_weight_tablet":"","ocean_menu_typo_font_weight_mobile":"","ocean_menu_typo_transform":"","ocean_menu_typo_transform_tablet":"","ocean_menu_typo_transform_mobile":"","ocean_menu_typo_line_height":0,"ocean_menu_typo_line_height_tablet":0,"ocean_menu_typo_line_height_mobile":0,"ocean_menu_typo_line_height_unit":"","ocean_menu_typo_spacing":0,"ocean_menu_typo_spacing_tablet":0,"ocean_menu_typo_spacing_mobile":0,"ocean_menu_typo_spacing_unit":"","ocean_menu_link_color":"","ocean_menu_link_color_hover":"","ocean_menu_link_color_active":"","ocean_menu_link_background":"","ocean_menu_link_hover_background":"","ocean_menu_link_active_background":"","ocean_menu_social_links_bg":"","ocean_menu_social_hover_links_bg":"","ocean_menu_social_links_color":"","ocean_menu_social_hover_links_color":"","ocean_disable_title":"default","ocean_disable_heading":"default","ocean_post_title":"","ocean_post_subheading":"","ocean_post_title_style":"","ocean_post_title_background_color":"","ocean_post_title_background":0,"ocean_post_title_bg_image_position":"","ocean_post_title_bg_image_attachment":"","ocean_post_title_bg_image_repeat":"","ocean_post_title_bg_image_size":"","ocean_post_title_height":0,"ocean_post_title_bg_overlay":0.5,"ocean_post_title_bg_overlay_color":"","ocean_disable_breadcrumbs":"default","ocean_breadcrumbs_color":"","ocean_breadcrumbs_separator_color":"","ocean_breadcrumbs_links_color":"","ocean_breadcrumbs_links_hover_color":"","ocean_display_footer_widgets":"default","ocean_display_footer_bottom":"default","ocean_custom_footer_template":"0","footnotes":""},"class_list":["post-874","page","type-page","status-publish","hentry","entry"],"jetpack_sharing_enabled":true,"_links":{"self":[{"href":"https:\/\/teasane.eu\/index.php\/wp-json\/wp\/v2\/pages\/874","targetHints":{"allow":["GET"]}}],"collection":[{"href":"https:\/\/teasane.eu\/index.php\/wp-json\/wp\/v2\/pages"}],"about":[{"href":"https:\/\/teasane.eu\/index.php\/wp-json\/wp\/v2\/types\/page"}],"author":[{"embeddable":true,"href":"https:\/\/teasane.eu\/index.php\/wp-json\/wp\/v2\/users\/1"}],"replies":[{"embeddable":true,"href":"https:\/\/teasane.eu\/index.php\/wp-json\/wp\/v2\/comments?post=874"}],"version-history":[{"count":21,"href":"https:\/\/teasane.eu\/index.php\/wp-json\/wp\/v2\/pages\/874\/revisions"}],"predecessor-version":[{"id":2117,"href":"https:\/\/teasane.eu\/index.php\/wp-json\/wp\/v2\/pages\/874\/revisions\/2117"}],"wp:attachment":[{"href":"https:\/\/teasane.eu\/index.php\/wp-json\/wp\/v2\/media?parent=874"}],"curies":[{"name":"wp","href":"https:\/\/api.w.org\/{rel}","templated":true}]}}